{"id":1913,"date":"2023-10-28T16:07:39","date_gmt":"2023-10-28T16:07:39","guid":{"rendered":"https:\/\/freepalestine.one\/programme-daffiliation-gratuit-pour-la-palestine-gagner-et-soutenir\/"},"modified":"2023-10-28T16:07:39","modified_gmt":"2023-10-28T16:07:39","slug":"programme-daffiliation-gratuit-pour-la-palestine-gagner-et-soutenir","status":"publish","type":"page","link":"https:\/\/freepalestine.one\/fr\/programme-daffiliation-gratuit-pour-la-palestine-gagner-et-soutenir\/","title":{"rendered":"Programme d&rsquo;affiliation gratuit pour la Palestine : gagner et soutenir"},"content":{"rendered":"<p><strong>Cher client,<\/strong><\/p>\n<p>Nous sommes plus qu&rsquo;une simple boutique en ligne ; nous sommes une communaut\u00e9 qui s&rsquo;engage \u00e0 faire la diff\u00e9rence. Nous partageons la vision d&rsquo;un monde meilleur et nous pensons que chacun d&rsquo;entre nous peut contribuer \u00e0 le rendre tel.<\/p>\n<p>Pour vous remercier de votre soutien continu, nous sommes heureux de vous pr\u00e9senter notre programme d&rsquo;affiliation. C&rsquo;est un moyen pour vous de gagner de l&rsquo;argent tout en nous aidant \u00e0 nous d\u00e9velopper et \u00e0 diffuser notre message.<\/p>\n<p>Voici comment cela fonctionne :<\/p>\n<ol>\n<li><strong>Rejoindre le programme<\/strong>: Inscrivez-vous \u00e0 notre programme d&rsquo;affiliation et recevez un code unique.<\/li>\n<li><strong>Partagez<\/strong> votre code : transmettez votre code \u00e0 vos amis, \u00e0 votre famille et \u00e0 ceux qui vous suivent sur les m\u00e9dias sociaux.<\/li>\n<li><strong>Gagnez des remises<\/strong>: chaque fois qu&rsquo;une personne effectue un achat en utilisant votre code, vous gagnez <strong>2 %<\/strong> du prix d&rsquo;achat du produit sur votre compte (en g\u00e9n\u00e9ral, l&rsquo;affili\u00e9 re\u00e7oit au moins 1,00 \u20ac sur chaque commande, mais cela d\u00e9pend bien s\u00fbr de ce que le client ach\u00e8te).<\/li>\n<li><strong>D\u00e9pensez<\/strong> vos gains : utilisez vos gains pour acheter nos produits et soutenir notre cause sociale.<\/li>\n<\/ol>\n<p>C&rsquo;est non seulement un moyen d&rsquo;\u00e9conomiser de l&rsquo;argent sur vos futurs achats, mais aussi un pas vers la cr\u00e9ation d&rsquo;un impact positif. Chaque achat effectu\u00e9 \u00e0 l&rsquo;aide de votre code d&rsquo;affiliation vous permet non seulement de b\u00e9n\u00e9ficier de r\u00e9ductions exclusives, mais aussi de soutenir notre mission de bienfaisance.<\/p>\n<p>Votre participation \u00e0 notre programme d&rsquo;affiliation ne vous r\u00e9compense pas seulement, elle amplifie \u00e9galement notre capacit\u00e9 \u00e0 cr\u00e9er un changement positif. C&rsquo;est un cycle de don et de r\u00e9ception qui profite \u00e0 tous et, surtout, \u00e0 la cause que nous soutenons.<\/p>\n<p>Nous vous remercions de votre fid\u00e9lit\u00e9 et de votre volont\u00e9 de faire la diff\u00e9rence. Rejoignez-nous, partagez votre code d&rsquo;affili\u00e9 et commencez \u00e0 gagner de l&rsquo;argent d\u00e8s aujourd&rsquo;hui. C&rsquo;est un petit geste qui a un grand impact et, ensemble, nous pouvons construire un avenir meilleur.<\/p>\n","protected":false},"excerpt":{"rendered":"<p>Cher client, Nous sommes plus qu&rsquo;une simple boutique en ligne ; nous sommes une communaut\u00e9 qui s&rsquo;engage \u00e0 faire la diff\u00e9rence. Nous partageons la vision d&rsquo;un monde meilleur et nous pensons que chacun d&rsquo;entre nous peut contribuer \u00e0 le rendre tel. Pour vous remercier de votre soutien continu, nous sommes heureux de vous pr\u00e9senter notre [&#8230;]\n","protected":false},"author":1,"featured_media":0,"parent":0,"menu_order":0,"comment_status":"closed","ping_status":"closed","template":"","meta":{"footnotes":""},"class_list":["post-1913","page","type-page","status-publish","hentry"],"aioseo_notices":[],"_links":{"self":[{"href":"https:\/\/freepalestine.one\/fr\/wp-json\/wp\/v2\/pages\/1913","targetHints":{"allow":["GET"]}}],"collection":[{"href":"https:\/\/freepalestine.one\/fr\/wp-json\/wp\/v2\/pages"}],"about":[{"href":"https:\/\/freepalestine.one\/fr\/wp-json\/wp\/v2\/types\/page"}],"author":[{"embeddable":true,"href":"https:\/\/freepalestine.one\/fr\/wp-json\/wp\/v2\/users\/1"}],"replies":[{"embeddable":true,"href":"https:\/\/freepalestine.one\/fr\/wp-json\/wp\/v2\/comments?post=1913"}],"version-history":[{"count":0,"href":"https:\/\/freepalestine.one\/fr\/wp-json\/wp\/v2\/pages\/1913\/revisions"}],"wp:attachment":[{"href":"https:\/\/freepalestine.one\/fr\/wp-json\/wp\/v2\/media?parent=1913"}],"curies":[{"name":"wp","href":"https:\/\/api.w.org\/{rel}","templated":true}]}}