{"id":1868,"date":"2023-11-03T05:29:40","date_gmt":"2023-11-03T05:29:40","guid":{"rendered":"https:\/\/freepalestine.one\/retour\/"},"modified":"2023-11-03T05:29:40","modified_gmt":"2023-11-03T05:29:40","slug":"retour","status":"publish","type":"page","link":"https:\/\/freepalestine.one\/fr\/retour\/","title":{"rendered":"Retour"},"content":{"rendered":"<p><strong>Politique de retour<\/strong><\/p>\n<p>Votre satisfaction est notre priorit\u00e9 absolue. Si, pour une raison quelconque, vous n&rsquo;\u00eates pas enti\u00e8rement satisfait de votre achat, nous sommes l\u00e0 pour vous aider.<\/p>\n<p><strong>Retours et \u00e9changes<\/strong><\/p>\n<ul>\n<li><strong>P\u00e9riode de retour :<\/strong> Nous acceptons les retours et les \u00e9changes dans les 15 jours suivant la date d&rsquo;achat.<\/li>\n<li><strong>Conditions de retour :<\/strong> Les articles doivent \u00eatre retourn\u00e9s dans leur \u00e9tat d&rsquo;origine, non lav\u00e9s et non utilis\u00e9s.<\/li>\n<li><strong>Retours gratuits :<\/strong> Nous offrons des retours gratuits pour tous les articles, sauf s&rsquo;ils ont \u00e9t\u00e9 achet\u00e9s pendant une promotion ou avec une r\u00e9duction, le client est responsable des frais d&rsquo;exp\u00e9dition \u00e0 effectuer par courrier express \u00e0 l&rsquo;adresse Primo S.r.l. &#8211; Via Tivoli, 33 &#8211; 92015 Raffadali (AG)<\/li>\n<li><strong>M\u00e9thode de retour :<\/strong> Les articles peuvent \u00eatre retourn\u00e9s soit \u00e0 notre magasin physique, soit par service de courrier express.<\/li>\n<\/ul>\n<p><strong>Processus de retour<\/strong><\/p>\n<ol>\n<li><strong>Demande de retour :<\/strong> Visitez notre page de retour et remplissez le formulaire de retour en ligne dans votre espace r\u00e9serv\u00e9.<\/li>\n<li><strong>Confirmation du retour :<\/strong> vous recevrez un courriel de confirmation contenant toutes les instructions relatives \u00e0 la proc\u00e9dure \u00e0 suivre.<\/li>\n<li><strong>Envoi en retour :<\/strong> Emballez l&rsquo;article et envoyez-le nous.<\/li>\n<li>Traitement des retours <strong>:<\/strong> les retours sont g\u00e9n\u00e9ralement trait\u00e9s dans un d\u00e9lai de 10 \u00e0 15 jours ouvrables apr\u00e8s r\u00e9ception des articles retourn\u00e9s.<\/li>\n<li>Remboursements <strong>:<\/strong> les remboursements sont effectu\u00e9s en utilisant la m\u00eame m\u00e9thode de paiement que celle utilis\u00e9e pour l&rsquo;achat.<\/li>\n<\/ol>\n<ul>\n<li style=\"list-style-type: none;\">\n<\/li>\n<\/ul>\n<p>Pour plus d&rsquo;informations ou d&rsquo;assistance, n&rsquo;h\u00e9sitez pas \u00e0 nous contacter. Nous sommes l\u00e0 pour faire en sorte que votre exp\u00e9rience d&rsquo;achat soit la plus agr\u00e9able possible.<\/p>\n","protected":false},"excerpt":{"rendered":"<p>Politique de retour Votre satisfaction est notre priorit\u00e9 absolue. Si, pour une raison quelconque, vous n&rsquo;\u00eates pas enti\u00e8rement satisfait de votre achat, nous sommes l\u00e0 pour vous aider. Retours et \u00e9changes P\u00e9riode de retour : Nous acceptons les retours et les \u00e9changes dans les 15 jours suivant la date d&rsquo;achat. Conditions de retour : Les [&#8230;]\n","protected":false},"author":1,"featured_media":0,"parent":0,"menu_order":0,"comment_status":"closed","ping_status":"closed","template":"","meta":{"footnotes":""},"class_list":["post-1868","page","type-page","status-publish","hentry"],"aioseo_notices":[],"_links":{"self":[{"href":"https:\/\/freepalestine.one\/fr\/wp-json\/wp\/v2\/pages\/1868","targetHints":{"allow":["GET"]}}],"collection":[{"href":"https:\/\/freepalestine.one\/fr\/wp-json\/wp\/v2\/pages"}],"about":[{"href":"https:\/\/freepalestine.one\/fr\/wp-json\/wp\/v2\/types\/page"}],"author":[{"embeddable":true,"href":"https:\/\/freepalestine.one\/fr\/wp-json\/wp\/v2\/users\/1"}],"replies":[{"embeddable":true,"href":"https:\/\/freepalestine.one\/fr\/wp-json\/wp\/v2\/comments?post=1868"}],"version-history":[{"count":0,"href":"https:\/\/freepalestine.one\/fr\/wp-json\/wp\/v2\/pages\/1868\/revisions"}],"wp:attachment":[{"href":"https:\/\/freepalestine.one\/fr\/wp-json\/wp\/v2\/media?parent=1868"}],"curies":[{"name":"wp","href":"https:\/\/api.w.org\/{rel}","templated":true}]}}