{"id":1867,"date":"2023-11-03T05:21:43","date_gmt":"2023-11-03T05:21:43","guid":{"rendered":"https:\/\/freepalestine.one\/contrat\/"},"modified":"2023-11-03T05:21:43","modified_gmt":"2023-11-03T05:21:43","slug":"contrat","status":"publish","type":"page","link":"https:\/\/freepalestine.one\/fr\/contrat\/","title":{"rendered":"Contrat"},"content":{"rendered":"<h1 style=\"font-weight: 400;\">CONDITIONS D&rsquo;UTILISATION<\/h1>\n<h3 style=\"font-weight: 400;\">Art. 1 &#8211; Responsabilit\u00e9<\/h3>\n<p style=\"font-weight: 400;\">Primo S.r.l. n&rsquo;est pas responsable des interruptions de service dues \u00e0 des cas de force majeure tels qu&rsquo;accidents, explosions, incendies, gr\u00e8ves et\/ou lock-out, tremblements de terre, inondations et autres \u00e9v\u00e9nements similaires qui emp\u00eachent, en tout ou en partie, l&rsquo;ex\u00e9cution du contrat de vente dans les d\u00e9lais convenus. Primo S.r.l. n&rsquo;est pas responsable envers qui que ce soit des dommages, pertes et frais encourus du fait de l&rsquo;inex\u00e9cution du contrat de vente pour les raisons susmentionn\u00e9es, ni des dommages, pertes et frais encourus du fait de l&rsquo;utilisation ou de l&rsquo;impossibilit\u00e9 d&rsquo;utiliser les produits achet\u00e9s \u00e0 Primo S.r.l., le client n&rsquo;ayant droit qu&rsquo;au remboursement du prix pay\u00e9, \u00e0 l&rsquo;exclusion des frais d&rsquo;exp\u00e9dition. De m\u00eame, Primo S.r.l. n&rsquo;est pas responsable de l&rsquo;utilisation frauduleuse ou ill\u00e9gale qui pourrait \u00eatre faite par des tiers, des cartes de cr\u00e9dit, des ch\u00e8ques et d&rsquo;autres moyens de paiement, lors du r\u00e8glement des produits achet\u00e9s. En effet, Primo S.r.l. n&rsquo;est pas en mesure de conna\u00eetre le num\u00e9ro de la carte de cr\u00e9dit de l&rsquo;acheteur \u00e0 tout moment de la proc\u00e9dure d&rsquo;achat ; en m\u00eame temps, Primo S.r.l. n&rsquo;est pas en mesure de v\u00e9rifier l&rsquo;origine correcte et licite de la carte de cr\u00e9dit remise par le client lors de la r\u00e9ception de la marchandise.<\/p>\n<h3 style=\"font-weight: 400;\">Art. 2 &#8211; Obligations de l&rsquo;acheteur<\/h3>\n<p style=\"font-weight: 400;\">Le client s&rsquo;engage, une fois la proc\u00e9dure d&rsquo;achat \u00ab\u00a0en ligne\u00a0\u00bb achev\u00e9e, \u00e0 imprimer et\/ou \u00e0 conserver les pr\u00e9sentes conditions g\u00e9n\u00e9rales, qu&rsquo;il aura d&rsquo;ailleurs d\u00e9j\u00e0 consult\u00e9es et accept\u00e9es en tant qu&rsquo;\u00e9tape obligatoire de l&rsquo;achat, ainsi qu&rsquo;\u00e0 imprimer les sp\u00e9cifications du produit achet\u00e9, et ce afin de respecter pleinement la condition pr\u00e9vue aux articles 52 et 53 du d\u00e9cret l\u00e9gislatif n\u00b0 58 du code civil italien. 206\/05. Il est strictement interdit \u00e0 l&rsquo;acheteur d&rsquo;introduire des donn\u00e9es fausses et\/ou invent\u00e9es et\/ou fictives dans la proc\u00e9dure d&rsquo;enregistrement requise pour activer le processus d&rsquo;ex\u00e9cution du pr\u00e9sent contrat de vente et des communications ult\u00e9rieures y aff\u00e9rentes ; les donn\u00e9es personnelles et l&rsquo;adresse \u00e9lectronique doivent \u00eatre exclusivement les donn\u00e9es personnelles r\u00e9elles de l&rsquo;acheteur et non celles de tiers.<\/p>\n<h3 style=\"font-weight: 400;\">Art. 3 &#8211; R\u00e9siliation du contrat et clause de r\u00e9siliation expresse<\/h3>\n<p style=\"font-weight: 400;\">Les obligations assum\u00e9es par le client en vertu de l&rsquo;art. 2 ci-dessus (Obligations de l&rsquo;acheteur), ainsi que la garantie de la bonne ex\u00e9cution du paiement \u00e0 effectuer par le client, rev\u00eatent un caract\u00e8re essentiel, de sorte que, de convention expresse, l&rsquo;inex\u00e9cution par le client de l&rsquo;une quelconque de ces obligations entra\u00eene la r\u00e9siliation de plein droit du contrat conform\u00e9ment \u00e0 l&rsquo;article 1456 du Code civil italien, sans qu&rsquo;il soit n\u00e9cessaire de recourir \u00e0 une d\u00e9cision judiciaire, sans pr\u00e9judice du droit de Primo S.r.l. d&rsquo;intenter une action en justice en vue de la r\u00e9paration des dommages ult\u00e9rieurs.<\/p>\n<h3 style=\"font-weight: 400;\">Article 4 &#8211; Comp\u00e9tence<\/h3>\n<p style=\"font-weight: 400;\">Tous les litiges relatifs \u00e0 l&rsquo;application, \u00e0 l&rsquo;ex\u00e9cution, \u00e0 l&rsquo;interpr\u00e9tation et \u00e0 la violation des contrats de vente \u00ab\u00a0en ligne\u00a0\u00bb obtenus par l&rsquo;interm\u00e9diaire du site freepalestine.one seront soumis \u00e0 la juridiction italienne ; les pr\u00e9sentes conditions g\u00e9n\u00e9rales se r\u00e9f\u00e8rent, pour tout ce qui n&rsquo;est pas express\u00e9ment pr\u00e9vu par elles, aux dispositions combin\u00e9es du d\u00e9cret l\u00e9gislatif n\u00b0&#8230;\/&#8230;\/&#8230;\/&#8230;\/&#8230; du Conseil de l&rsquo;Europe. 50\/92 et le d\u00e9cret l\u00e9gislatif 206\/05.<\/p>\n<h3 style=\"font-weight: 400;\">Art. 5 &#8211; Droit d&rsquo;exercer le droit de retrait conform\u00e9ment au d\u00e9cret l\u00e9gislatif. 206\/05<\/h3>\n<p style=\"font-weight: 400;\">Les personnes qui ne peuvent \u00eatre qualifi\u00e9es de consommateurs, c&rsquo;est-\u00e0-dire celles qui agissent \u00e0 des fins li\u00e9es \u00e0 leur activit\u00e9 professionnelle, c&rsquo;est-\u00e0-dire celles qui passent une commande en indiquant le num\u00e9ro de TVA pour la facture, sont exclues du d\u00e9cret l\u00e9gislatif. Le client a le droit de se r\u00e9tracter, au plus tard 10 jours apr\u00e8s la livraison (la date de livraison indiqu\u00e9e sur la lettre de voiture du transporteur est d&rsquo;application). Le droit de r\u00e9tractation est exerc\u00e9 dans le d\u00e9lai imparti en envoyant par courrier \u00e9lectronique \u00e0 info@free-palestine.one (dans le courrier \u00e9lectronique, supprimer le &#8211; ) une demande \u00e0 laquelle est jointe une copie de la facture\/du re\u00e7u du produit achet\u00e9, sans pr\u00e9judice des dispositions de l&rsquo;article 7. Dans le cas o\u00f9 le droit de r\u00e9tractation est applicable, le Client est tenu de restituer (\u00e0 ses frais) l&rsquo;article tel qu&rsquo;il a \u00e9t\u00e9 re\u00e7u, c&rsquo;est-\u00e0-dire absolument neuf, non utilis\u00e9, complet avec toutes ses parties et dans son emballage d&rsquo;origine (enveloppes et emballages). Le non-respect de ces principes rend le droit de r\u00e9tractation inapplicable. Le Client est conscient que les produits re\u00e7us peuvent avoir \u00e9t\u00e9 vendus dans le cadre du syst\u00e8me d&rsquo;impression \u00e0 la demande ; par cons\u00e9quent, en cas de r\u00e9tractation, le produit doit \u00eatre renvoy\u00e9 \u00e0 l&rsquo;entrep\u00f4t de d\u00e9part, m\u00eame s&rsquo;il se trouve en dehors du territoire italien. La responsabilit\u00e9 de l&#8217;emballage et du transport jusqu&rsquo;\u00e0 l&rsquo;entrep\u00f4t de destination incombe au Client. En cas d&rsquo;application du droit de r\u00e9tractation, apr\u00e8s r\u00e9ception de la marchandise et v\u00e9rification des conditions, la soci\u00e9t\u00e9 Primo S.r.l. remboursera la totalit\u00e9 des sommes vers\u00e9es par le client, \u00e0 l&rsquo;exclusion des frais d&rsquo;exp\u00e9dition, dans un d\u00e9lai de trente jours \u00e0 compter de la date de r\u00e9ception du produit par les moyens suivants : un \u00e9change de marchandises, un virement bancaire, l&rsquo;inversion du mouvement du paiement effectu\u00e9 par carte de cr\u00e9dit ou autre passerelle de paiement.<\/p>\n<h3 style=\"font-weight: 400;\">Art. 6 &#8211; Retrait du fournisseur<\/h3>\n<p style=\"font-weight: 400;\">Si Primo S.r.l. n&rsquo;est pas en mesure d&rsquo;ex\u00e9cuter la commande demand\u00e9e en raison de l&rsquo;indisponibilit\u00e9, m\u00eame temporaire, du produit command\u00e9, elle a le droit de r\u00e9silier le contrat de vente dans un d\u00e9lai de 30 jours \u00e0 compter de la date de la commande en adressant au client une simple notification motiv\u00e9e, conform\u00e9ment \u00e0 l&rsquo;art. 54, paragraphe 2 D. Lgs. 206\/05. Dans ce cas, le client n&rsquo;a droit qu&rsquo;au remboursement de toute somme d\u00e9j\u00e0 pay\u00e9e.<\/p>\n<h3 style=\"font-weight: 400;\">Art. 7 &#8211; Droit de r\u00e9tractation du consommateur<\/h3>\n<p style=\"font-weight: 400;\">Conform\u00e9ment \u00e0 l&rsquo;art. 5 du d\u00e9cret-loi n\u00b0. 185 du 22.05.1999 le client &#8211; consommateur (c&rsquo;est-\u00e0-dire le client &#8211; personne physique &#8211; qui ach\u00e8te \u00e0 des fins qui ne sont pas directement li\u00e9es \u00e0 son activit\u00e9 professionnelle, le cas \u00e9ch\u00e9ant) a le droit de r\u00e9silier le contrat d&rsquo;achat, pour quelque raison que ce soit, dans un d\u00e9lai de 10 jours ouvrables \u00e0 compter de la date de r\u00e9ception des biens, de la mani\u00e8re indiqu\u00e9e ci-dessous. Pour exercer le droit de r\u00e9tractation, le client doit envoyer \u00e0 Primo S.r.l. une notification \u00e9crite au plus tard 10 jours calendaires \u00e0 compter de la date de r\u00e9ception des marchandises. Cette notification doit \u00eatre adress\u00e9e, par lettre recommand\u00e9e avec accus\u00e9 de r\u00e9ception, \u00e0 Primo S.r.l. Via Tivoli, 39 &#8211; 92015 Raffadali (AG). L&rsquo;avis peut \u00e9galement \u00eatre envoy\u00e9 par t\u00e9l\u00e9gramme, toujours dans le d\u00e9lai de 15 jours susmentionn\u00e9, \u00e0 condition d&rsquo;\u00eatre confirm\u00e9 par lettre recommand\u00e9e avec accus\u00e9 de r\u00e9ception, envoy\u00e9e dans les 48 heures suivantes. Si la livraison du bien a d\u00e9j\u00e0 eu lieu, le consommateur doit le renvoyer \u00e0 l&rsquo;adresse qui lui a \u00e9t\u00e9 communiqu\u00e9e comme indiqu\u00e9 \u00e0 l&rsquo;art. 5, par courrier express, au plus tard dans les dix jours ouvrables suivant la date de r\u00e9ception des marchandises. Les seuls frais \u00e0 la charge du consommateur qui exerce son droit de r\u00e9tractation sont les frais de transport des biens. Les biens achet\u00e9s doivent \u00eatre retourn\u00e9s dans leur emballage d&rsquo;origine, complets dans toutes leurs parties, y compris la documentation et les accessoires fournis. D\u00e8s que Primo S.r.l. a connaissance du droit de r\u00e9tractation, elle informe le client par e-mail du num\u00e9ro RMA (code d&rsquo;autorisation de retour) \u00e0 apposer \u00e0 l&rsquo;ext\u00e9rieur du colis retourn\u00e9. Dans tous les cas, l&#8217;emballage d&rsquo;origine ne doit pas \u00eatre endommag\u00e9 ni porter d&rsquo;inscription ou de ruban adh\u00e9sif. Nous recommandons de placer l&#8217;emballage d&rsquo;origine dans un second carton et d&rsquo;assurer l&#8217;emballage pour l&rsquo;exp\u00e9dition, car tout dommage ou vol rel\u00e8ve de la responsabilit\u00e9 du client. Le droit de r\u00e9tractation ne sera pas accept\u00e9 si les marchandises retourn\u00e9es ou l&#8217;emballage d&rsquo;origine sont endommag\u00e9s ou s&rsquo;il manque des parties int\u00e9grantes ou accessoires en parfait \u00e9tat. Dans ce cas, la marchandise doit \u00eatre retir\u00e9e par le Client ou son transporteur au plus tard dans les 5 jours ouvrables. Si le produit n&rsquo;est pas retir\u00e9, des frais de 10 euros par jour seront factur\u00e9s pour le stockage pendant un maximum de 20 jours ouvrables, apr\u00e8s quoi la marchandise sera d\u00e9truite ou donn\u00e9e par Primo Srl et le Client n&rsquo;aura aucune r\u00e9clamation \u00e0 formuler. Si le retrait EST exerc\u00e9 conform\u00e9ment aux dispositions du d\u00e9cret-loi n\u00b0. 185 du 22.05.1999 et conform\u00e9ment aux pr\u00e9sentes conditions g\u00e9n\u00e9rales, Primo S.r.l. remboursera gratuitement les sommes d\u00e9j\u00e0 vers\u00e9es par le consommateur dans les meilleurs d\u00e9lais et, en tout \u00e9tat de cause, dans les trente jours suivant la date de r\u00e9ception du produit, en transf\u00e9rant le montant d\u00e9bit\u00e9 sur la carte de cr\u00e9dit ou par virement bancaire si le client fournit les coordonn\u00e9es bancaires correspondantes.<\/p>\n<p style=\"font-weight: 400;\">Le droit de r\u00e9tractation ne peut \u00eatre exerc\u00e9 pour les contrats de :<\/p>\n<p style=\"font-weight: 400;\">&#8211; la fourniture de services dont l&rsquo;ex\u00e9cution a commenc\u00e9, avec l&rsquo;accord du consommateur, avant l&rsquo;expiration du d\u00e9lai de r\u00e9tractation de dix jours ;<\/p>\n<p style=\"font-weight: 400;\">&#8211; la fourniture de biens ou de services dont le prix est li\u00e9 aux fluctuations des taux des march\u00e9s financiers que le fournisseur n&rsquo;est pas en mesure de contr\u00f4ler ;<\/p>\n<p style=\"font-weight: 400;\">&#8211; la fourniture de biens sur mesure ou nettement personnalis\u00e9s ou qui, par leur nature, ne peuvent \u00eatre r\u00e9exp\u00e9di\u00e9s ou sont susceptibles de se d\u00e9t\u00e9riorer ou de s&rsquo;alt\u00e9rer rapidement ;<\/p>\n<p style=\"font-weight: 400;\">&#8211; la fourniture de produits audiovisuels ou de logiciels informatiques scell\u00e9s et descell\u00e9s par le consommateur ;<\/p>\n<p style=\"font-weight: 400;\">&#8211; la fourniture de journaux, de p\u00e9riodiques et de magazines ;<\/p>\n<p style=\"font-weight: 400;\">&#8211; les services de paris et de loterie.<\/p>\n","protected":false},"excerpt":{"rendered":"<p>CONDITIONS D&rsquo;UTILISATION Art. 1 &#8211; Responsabilit\u00e9 Primo S.r.l. n&rsquo;est pas responsable des interruptions de service dues \u00e0 des cas de force majeure tels qu&rsquo;accidents, explosions, incendies, gr\u00e8ves et\/ou lock-out, tremblements de terre, inondations et autres \u00e9v\u00e9nements similaires qui emp\u00eachent, en tout ou en partie, l&rsquo;ex\u00e9cution du contrat de vente dans les d\u00e9lais convenus. Primo S.r.l. [&#8230;]\n","protected":false},"author":1,"featured_media":0,"parent":0,"menu_order":0,"comment_status":"closed","ping_status":"closed","template":"","meta":{"footnotes":""},"class_list":["post-1867","page","type-page","status-publish","hentry"],"aioseo_notices":[],"_links":{"self":[{"href":"https:\/\/freepalestine.one\/fr\/wp-json\/wp\/v2\/pages\/1867","targetHints":{"allow":["GET"]}}],"collection":[{"href":"https:\/\/freepalestine.one\/fr\/wp-json\/wp\/v2\/pages"}],"about":[{"href":"https:\/\/freepalestine.one\/fr\/wp-json\/wp\/v2\/types\/page"}],"author":[{"embeddable":true,"href":"https:\/\/freepalestine.one\/fr\/wp-json\/wp\/v2\/users\/1"}],"replies":[{"embeddable":true,"href":"https:\/\/freepalestine.one\/fr\/wp-json\/wp\/v2\/comments?post=1867"}],"version-history":[{"count":0,"href":"https:\/\/freepalestine.one\/fr\/wp-json\/wp\/v2\/pages\/1867\/revisions"}],"wp:attachment":[{"href":"https:\/\/freepalestine.one\/fr\/wp-json\/wp\/v2\/media?parent=1867"}],"curies":[{"name":"wp","href":"https:\/\/api.w.org\/{rel}","templated":true}]}}